{"id":26,"date":"2018-05-29T09:14:29","date_gmt":"2018-05-29T09:14:29","guid":{"rendered":"http:\/\/inovadata.pt\/?page_id=9"},"modified":"2021-03-22T17:48:24","modified_gmt":"2021-03-22T17:48:24","slug":"about-2","status":"publish","type":"page","link":"https:\/\/inovadata.pt\/index.php\/about-2\/","title":{"rendered":"Empresa"},"content":{"rendered":"<p>A iNovadata \u00e9 uma empresa especializada em solu\u00e7\u00f5es de Gest\u00e3o Documental e Automatiza\u00e7\u00e3o de Processos (RPA).<\/p>\n<p>A iNovadata torna a informa\u00e7\u00e3o que comanda o dia-a-dia das empresas mais valiosa, mais acess\u00edvel, mais f\u00e1cil de utilizar e mais segura. Tornamos isto poss\u00edvel integrando pessoas, processos e dados, e disponibilizando a informa\u00e7\u00e3o onde e como seja mais necess\u00e1ria.<\/p>\n<p>Conseguimos eliminar tarefas demoradas de introdu\u00e7\u00e3o de dados, automatizamos processos onerosos e protegemos os dados contra a m\u00e1 utiliza\u00e7\u00e3o e perda. Incrementamos a efici\u00eancia para n\u00edveis nunca vistos, permitindo uma maior produtividade com menos esfor\u00e7o e um maior enfoque no crescimento do neg\u00f3cio.<\/p>\n<p>Disponibilizamos uma s\u00e9rie de tecnologias com provas dadas em todo o mundo. No entanto, s\u00f3 a tecnologia n\u00e3o \u00e9 suficiente, n\u00e3o \u00e9 sin\u00f3nimo de sucesso assegurado. A iNovadata garante esse sucesso envolvendo a tecnologia com a experi\u00eancia e o conhecimento da sua equipa multidisciplinar.<\/p>\n<p>A iNovadata rege-se pelo sentido de responsabilidade e \u00e9tica no di\u00e1logo com os nossos clientes e parceiros apostando sempre num relacionamento duradouro e compensador para ambas as partes.<\/p>\n","protected":false},"excerpt":{"rendered":"<p>A iNovadata \u00e9 uma empresa especializada em solu\u00e7\u00f5es de Gest\u00e3o Documental e Automatiza\u00e7\u00e3o de Processos (RPA). A iNovadata torna a informa\u00e7\u00e3o que comanda o dia-a-dia das empresas mais valiosa, mais acess\u00edvel, mais f\u00e1cil de utilizar e mais segura. Tornamos isto poss\u00edvel integrando pessoas, processos e dados, e disponibilizando a informa\u00e7\u00e3o onde e como seja mais&hellip; <a class=\"more-link\" href=\"https:\/\/inovadata.pt\/index.php\/about-2\/\">Continue reading <span class=\"screen-reader-text\">Empresa<\/span><\/a><\/p>\n","protected":false},"author":1,"featured_media":0,"parent":0,"menu_order":0,"comment_status":"closed","ping_status":"closed","template":"","meta":{"spay_email":""},"_links":{"self":[{"href":"https:\/\/inovadata.pt\/index.php\/wp-json\/wp\/v2\/pages\/26"}],"collection":[{"href":"https:\/\/inovadata.pt\/index.php\/wp-json\/wp\/v2\/pages"}],"about":[{"href":"https:\/\/inovadata.pt\/index.php\/wp-json\/wp\/v2\/types\/page"}],"author":[{"embeddable":true,"href":"https:\/\/inovadata.pt\/index.php\/wp-json\/wp\/v2\/users\/1"}],"replies":[{"embeddable":true,"href":"https:\/\/inovadata.pt\/index.php\/wp-json\/wp\/v2\/comments?post=26"}],"version-history":[{"count":2,"href":"https:\/\/inovadata.pt\/index.php\/wp-json\/wp\/v2\/pages\/26\/revisions"}],"predecessor-version":[{"id":3417,"href":"https:\/\/inovadata.pt\/index.php\/wp-json\/wp\/v2\/pages\/26\/revisions\/3417"}],"wp:attachment":[{"href":"https:\/\/inovadata.pt\/index.php\/wp-json\/wp\/v2\/media?parent=26"}],"curies":[{"name":"wp","href":"https:\/\/api.w.org\/{rel}","templated":true}]}}